{"id":152,"date":"2020-11-23T11:46:55","date_gmt":"2020-11-23T10:46:55","guid":{"rendered":"http:\/\/yakwood.fr\/?page_id=152"},"modified":"2020-11-30T10:39:56","modified_gmt":"2020-11-30T09:39:56","slug":"commande","status":"publish","type":"page","link":"http:\/\/yakwood.fr\/?page_id=152","title":{"rendered":"COMMANDE"},"content":{"rendered":"\n<p>pour toutes commandes merci d&#8217;adresser un mail \u00e0 <strong>commande@yakwood.fr <\/strong>!<\/p>\n\n\n\n<p>ou par t\u00e9l\u00e9phone au 01 82 02 68 73<\/p>\n\n\n\n<p>Livraison par collisismo ou en Retrait avec rendez vous \u00e0 l&#8217;atelier 156 boulevard de la boissi\u00e8re 93100 Montreuil<\/p>\n\n\n\n<p><\/p>\n\n\n\n<p><\/p>\n\n\n\n<p>L&#8217;equipe YAK pour LT&amp;G<\/p>\n","protected":false},"excerpt":{"rendered":"<p>pour toutes commandes merci d&#8217;adresser un mail \u00e0 commande@yakwood.fr ! ou par t\u00e9l\u00e9phone au 01 82 02 68 73 Livraison par collisismo ou en Retrait avec rendez vous \u00e0 l&#8217;atelier 156 boulevard de la boissi\u00e8re 93100 Montreuil L&#8217;equipe YAK pour LT&amp;G<\/p>\n","protected":false},"author":1,"featured_media":0,"parent":0,"menu_order":0,"comment_status":"closed","ping_status":"closed","template":"","meta":{"spay_email":""},"_links":{"self":[{"href":"http:\/\/yakwood.fr\/index.php?rest_route=\/wp\/v2\/pages\/152"}],"collection":[{"href":"http:\/\/yakwood.fr\/index.php?rest_route=\/wp\/v2\/pages"}],"about":[{"href":"http:\/\/yakwood.fr\/index.php?rest_route=\/wp\/v2\/types\/page"}],"author":[{"embeddable":true,"href":"http:\/\/yakwood.fr\/index.php?rest_route=\/wp\/v2\/users\/1"}],"replies":[{"embeddable":true,"href":"http:\/\/yakwood.fr\/index.php?rest_route=%2Fwp%2Fv2%2Fcomments&post=152"}],"version-history":[{"count":4,"href":"http:\/\/yakwood.fr\/index.php?rest_route=\/wp\/v2\/pages\/152\/revisions"}],"predecessor-version":[{"id":268,"href":"http:\/\/yakwood.fr\/index.php?rest_route=\/wp\/v2\/pages\/152\/revisions\/268"}],"wp:attachment":[{"href":"http:\/\/yakwood.fr\/index.php?rest_route=%2Fwp%2Fv2%2Fmedia&parent=152"}],"curies":[{"name":"wp","href":"https:\/\/api.w.org\/{rel}","templated":true}]}}